{"id":273,"date":"2021-08-05T16:34:35","date_gmt":"2021-08-05T20:34:35","guid":{"rendered":"https:\/\/staging.playmind.com\/home\/"},"modified":"2024-08-22T12:28:14","modified_gmt":"2024-08-22T16:28:14","slug":"home","status":"publish","type":"page","link":"https:\/\/playmind.com\/fr\/","title":{"rendered":"Accueil"},"content":{"rendered":"","protected":false},"excerpt":{"rendered":"","protected":false},"author":1,"featured_media":9191,"parent":0,"menu_order":0,"comment_status":"closed","ping_status":"closed","template":"","meta":{"_acf_changed":false,"inline_featured_image":false,"footnotes":""},"class_list":["post-273","page","type-page","status-publish","has-post-thumbnail","hentry","entry"],"acf":[],"yoast_head":"<!-- This site is optimized with the Yoast SEO plugin v25.0 - https:\/\/yoast.com\/wordpress\/plugins\/seo\/ -->\n<title>Playmind - Cr\u00e9ateur de jeux, attractions et exp\u00e9riences digitales<\/title>\n<meta name=\"description\" content=\"PLAYMIND est un studio Montr\u00e9alais, concepteur, d\u00e9veloppeur et producteur de jeux, d&#039;attractions et d&#039;exp\u00e9riences digitales immersives.\" \/>\n<meta name=\"robots\" content=\"index, follow, max-snippet:-1, max-image-preview:large, max-video-preview:-1\" \/>\n<link rel=\"canonical\" href=\"https:\/\/playmind.com\/fr\/\" \/>\n<meta property=\"og:locale\" content=\"fr_FR\" \/>\n<meta property=\"og:type\" content=\"article\" \/>\n<meta property=\"og:title\" content=\"Playmind - Cr\u00e9ateur de jeux, attractions et exp\u00e9riences digitales\" \/>\n<meta property=\"og:description\" content=\"PLAYMIND est un studio Montr\u00e9alais, concepteur, d\u00e9veloppeur et producteur de jeux, d&#039;attractions et d&#039;exp\u00e9riences digitales immersives.\" \/>\n<meta property=\"og:url\" content=\"https:\/\/playmind.com\/fr\/\" \/>\n<meta property=\"og:site_name\" content=\"PLAYMIND\" \/>\n<meta property=\"article:modified_time\" content=\"2024-08-22T16:28:14+00:00\" \/>\n<meta property=\"og:image\" content=\"https:\/\/playmind.com\/wp-content\/uploads\/2023\/09\/playbox23_games-1086x1080.png\" \/>\n\t<meta property=\"og:image:width\" content=\"1086\" \/>\n\t<meta property=\"og:image:height\" content=\"1080\" \/>\n\t<meta property=\"og:image:type\" content=\"image\/png\" \/>\n<meta name=\"twitter:card\" content=\"summary_large_image\" \/>\n<meta name=\"twitter:label1\" content=\"Dur\u00e9e de lecture estim\u00e9e\" \/>\n\t<meta name=\"twitter:data1\" content=\"1 minute\" \/>\n<script type=\"application\/ld+json\" class=\"yoast-schema-graph\">{\"@context\":\"https:\/\/schema.org\",\"@graph\":[{\"@type\":\"WebPage\",\"@id\":\"https:\/\/playmind.com\/fr\/\",\"url\":\"https:\/\/playmind.com\/fr\/\",\"name\":\"Playmind - Cr\u00e9ateur de jeux, attractions et exp\u00e9riences digitales\",\"isPartOf\":{\"@id\":\"https:\/\/playmind.com\/fr\/#website\"},\"primaryImageOfPage\":{\"@id\":\"https:\/\/playmind.com\/fr\/#primaryimage\"},\"image\":{\"@id\":\"https:\/\/playmind.com\/fr\/#primaryimage\"},\"thumbnailUrl\":\"https:\/\/playmind.com\/wp-content\/uploads\/2025\/02\/PLAYBOX_RENDER_4PLAYER_03.png\",\"datePublished\":\"2021-08-05T20:34:35+00:00\",\"dateModified\":\"2024-08-22T16:28:14+00:00\",\"description\":\"PLAYMIND est un studio Montr\u00e9alais, concepteur, d\u00e9veloppeur et producteur de jeux, d'attractions et d'exp\u00e9riences digitales immersives.\",\"breadcrumb\":{\"@id\":\"https:\/\/playmind.com\/fr\/#breadcrumb\"},\"inLanguage\":\"fr-FR\",\"potentialAction\":[{\"@type\":\"ReadAction\",\"target\":[\"https:\/\/playmind.com\/fr\/\"]}]},{\"@type\":\"ImageObject\",\"inLanguage\":\"fr-FR\",\"@id\":\"https:\/\/playmind.com\/fr\/#primaryimage\",\"url\":\"https:\/\/playmind.com\/wp-content\/uploads\/2025\/02\/PLAYBOX_RENDER_4PLAYER_03.png\",\"contentUrl\":\"https:\/\/playmind.com\/wp-content\/uploads\/2025\/02\/PLAYBOX_RENDER_4PLAYER_03.png\",\"width\":1539,\"height\":1072},{\"@type\":\"BreadcrumbList\",\"@id\":\"https:\/\/playmind.com\/fr\/#breadcrumb\",\"itemListElement\":[{\"@type\":\"ListItem\",\"position\":1,\"name\":\"Home\",\"item\":\"https:\/\/playmind.com\/fr\/home\/\"},{\"@type\":\"ListItem\",\"position\":2,\"name\":\"Accueil\"}]},{\"@type\":\"WebSite\",\"@id\":\"https:\/\/playmind.com\/fr\/#website\",\"url\":\"https:\/\/playmind.com\/fr\/\",\"name\":\"PLAYMIND\",\"description\":\"Creative studio specialized in games and digital experiences\",\"potentialAction\":[{\"@type\":\"SearchAction\",\"target\":{\"@type\":\"EntryPoint\",\"urlTemplate\":\"https:\/\/playmind.com\/fr\/?s={search_term_string}\"},\"query-input\":{\"@type\":\"PropertyValueSpecification\",\"valueRequired\":true,\"valueName\":\"search_term_string\"}}],\"inLanguage\":\"fr-FR\"}]}<\/script>\n<!-- \/ Yoast SEO plugin. -->","yoast_head_json":{"title":"Playmind - Cr\u00e9ateur de jeux, attractions et exp\u00e9riences digitales","description":"PLAYMIND est un studio Montr\u00e9alais, concepteur, d\u00e9veloppeur et producteur de jeux, d'attractions et d'exp\u00e9riences digitales immersives.","robots":{"index":"index","follow":"follow","max-snippet":"max-snippet:-1","max-image-preview":"max-image-preview:large","max-video-preview":"max-video-preview:-1"},"canonical":"https:\/\/playmind.com\/fr\/","og_locale":"fr_FR","og_type":"article","og_title":"Playmind - Cr\u00e9ateur de jeux, attractions et exp\u00e9riences digitales","og_description":"PLAYMIND est un studio Montr\u00e9alais, concepteur, d\u00e9veloppeur et producteur de jeux, d'attractions et d'exp\u00e9riences digitales immersives.","og_url":"https:\/\/playmind.com\/fr\/","og_site_name":"PLAYMIND","article_modified_time":"2024-08-22T16:28:14+00:00","og_image":[{"width":1086,"height":1080,"url":"https:\/\/playmind.com\/wp-content\/uploads\/2023\/09\/playbox23_games-1086x1080.png","type":"image\/png"}],"twitter_card":"summary_large_image","twitter_misc":{"Dur\u00e9e de lecture estim\u00e9e":"1 minute"},"schema":{"@context":"https:\/\/schema.org","@graph":[{"@type":"WebPage","@id":"https:\/\/playmind.com\/fr\/","url":"https:\/\/playmind.com\/fr\/","name":"Playmind - Cr\u00e9ateur de jeux, attractions et exp\u00e9riences digitales","isPartOf":{"@id":"https:\/\/playmind.com\/fr\/#website"},"primaryImageOfPage":{"@id":"https:\/\/playmind.com\/fr\/#primaryimage"},"image":{"@id":"https:\/\/playmind.com\/fr\/#primaryimage"},"thumbnailUrl":"https:\/\/playmind.com\/wp-content\/uploads\/2025\/02\/PLAYBOX_RENDER_4PLAYER_03.png","datePublished":"2021-08-05T20:34:35+00:00","dateModified":"2024-08-22T16:28:14+00:00","description":"PLAYMIND est un studio Montr\u00e9alais, concepteur, d\u00e9veloppeur et producteur de jeux, d'attractions et d'exp\u00e9riences digitales immersives.","breadcrumb":{"@id":"https:\/\/playmind.com\/fr\/#breadcrumb"},"inLanguage":"fr-FR","potentialAction":[{"@type":"ReadAction","target":["https:\/\/playmind.com\/fr\/"]}]},{"@type":"ImageObject","inLanguage":"fr-FR","@id":"https:\/\/playmind.com\/fr\/#primaryimage","url":"https:\/\/playmind.com\/wp-content\/uploads\/2025\/02\/PLAYBOX_RENDER_4PLAYER_03.png","contentUrl":"https:\/\/playmind.com\/wp-content\/uploads\/2025\/02\/PLAYBOX_RENDER_4PLAYER_03.png","width":1539,"height":1072},{"@type":"BreadcrumbList","@id":"https:\/\/playmind.com\/fr\/#breadcrumb","itemListElement":[{"@type":"ListItem","position":1,"name":"Home","item":"https:\/\/playmind.com\/fr\/home\/"},{"@type":"ListItem","position":2,"name":"Accueil"}]},{"@type":"WebSite","@id":"https:\/\/playmind.com\/fr\/#website","url":"https:\/\/playmind.com\/fr\/","name":"PLAYMIND","description":"Creative studio specialized in games and digital experiences","potentialAction":[{"@type":"SearchAction","target":{"@type":"EntryPoint","urlTemplate":"https:\/\/playmind.com\/fr\/?s={search_term_string}"},"query-input":{"@type":"PropertyValueSpecification","valueRequired":true,"valueName":"search_term_string"}}],"inLanguage":"fr-FR"}]}},"_links":{"self":[{"href":"https:\/\/playmind.com\/fr\/wp-json\/wp\/v2\/pages\/273","targetHints":{"allow":["GET"]}}],"collection":[{"href":"https:\/\/playmind.com\/fr\/wp-json\/wp\/v2\/pages"}],"about":[{"href":"https:\/\/playmind.com\/fr\/wp-json\/wp\/v2\/types\/page"}],"author":[{"embeddable":true,"href":"https:\/\/playmind.com\/fr\/wp-json\/wp\/v2\/users\/1"}],"replies":[{"embeddable":true,"href":"https:\/\/playmind.com\/fr\/wp-json\/wp\/v2\/comments?post=273"}],"version-history":[{"count":49,"href":"https:\/\/playmind.com\/fr\/wp-json\/wp\/v2\/pages\/273\/revisions"}],"predecessor-version":[{"id":8593,"href":"https:\/\/playmind.com\/fr\/wp-json\/wp\/v2\/pages\/273\/revisions\/8593"}],"wp:featuredmedia":[{"embeddable":true,"href":"https:\/\/playmind.com\/fr\/wp-json\/wp\/v2\/media\/9191"}],"wp:attachment":[{"href":"https:\/\/playmind.com\/fr\/wp-json\/wp\/v2\/media?parent=273"}],"curies":[{"name":"wp","href":"https:\/\/api.w.org\/{rel}","templated":true}]}}