{"id":4780,"date":"2023-02-20T16:07:40","date_gmt":"2023-02-20T21:07:40","guid":{"rendered":"https:\/\/playmind.com\/?page_id=4780"},"modified":"2024-09-12T16:46:23","modified_gmt":"2024-09-12T20:46:23","slug":"games","status":"publish","type":"page","link":"https:\/\/playmind.com\/fr\/games\/","title":{"rendered":"NOS JEUX"},"content":{"rendered":"\n<h2 class=\"wp-block-heading has-text-align-center\"><\/h2>\n\n\n\n<h2 class=\"wp-block-heading has-text-align-center\">&nbsp;<\/h2>\n\n\n\n<div class=\"wp-block-media-text alignwide is-stacked-on-mobile is-vertically-aligned-center\"><figure class=\"wp-block-media-text__media\"><img loading=\"lazy\" decoding=\"async\" width=\"1537\" height=\"933\" src=\"https:\/\/playmind.com\/wp-content\/uploads\/2023\/02\/Key-Img.png\" alt=\"\" class=\"wp-image-4678 size-full\" srcset=\"https:\/\/playmind.com\/wp-content\/uploads\/2023\/02\/Key-Img.png 1537w, https:\/\/playmind.com\/wp-content\/uploads\/2023\/02\/Key-Img-600x364.png 600w, https:\/\/playmind.com\/wp-content\/uploads\/2023\/02\/Key-Img-768x466.png 768w, https:\/\/playmind.com\/wp-content\/uploads\/2023\/02\/Key-Img-400x243.png 400w, https:\/\/playmind.com\/wp-content\/uploads\/2023\/02\/Key-Img-1400x850.png 1400w\" sizes=\"auto, (max-width: 1537px) 100vw, 1537px\" \/><\/figure><div class=\"wp-block-media-text__content\">\n<div class=\"wp-block-group\" style=\"padding-top:2em;padding-right:2em;padding-bottom:2em;padding-left:2em\"><div class=\"wp-block-group__inner-container is-layout-flow wp-block-group-is-layout-flow\">\n<p style=\"font-size:36px;line-height:1.2\"><strong>THE INNER FRIEND<\/strong><\/p>\n\n\n\n<p class=\"has-extra-small-font-size\">Plongez dans un univers loufoque rempli de souvenirs \u00e9parpill\u00e9s et de traumatismes non-r\u00e9solus tout en explorant un paysage cauchemardesque o\u00f9 vous tomberez face \u00e0 face avec des peurs et cauchemars de l&rsquo;enfance.<\/p>\n\n\n\n<p><\/p>\n\n\n\n<div class=\"wp-block-buttons is-layout-flex wp-block-buttons-is-layout-flex\">\n<div class=\"wp-block-button\"><a class=\"wp-block-button__link wp-element-button\" href=\"https:\/\/playmind.com\/fr\/ipgames\/the-inner-friend\/\" target=\"_blank\" rel=\"noreferrer noopener\">En savoir plus<\/a><\/div>\n<\/div>\n<\/div><\/div>\n<\/div><\/div>\n\n\n\n<div class=\"wp-block-media-text alignwide has-media-on-the-right is-stacked-on-mobile is-vertically-aligned-center\"><div class=\"wp-block-media-text__content\">\n<div class=\"wp-block-group\" style=\"padding-top:2em;padding-right:2em;padding-bottom:2em;padding-left:2em\"><div class=\"wp-block-group__inner-container is-layout-flow wp-block-group-is-layout-flow\">\n<p style=\"font-size:36px;line-height:1.2\"><strong>NETHERVERSE<\/strong><\/p>\n\n\n\n<p class=\"has-extra-small-font-size\">Netherverse est un jeu en ligne gratuit, \u00e0 la 3e personne, en 3v3 multijoueur, qui se d\u00e9roule dans un monde dystopique. Formez une \u00e9quipe, choisissez une classe et combattez pour survivre. D\u00e9couvrez le m\u00e9canisme unique de changement de monde ainsi que le monde des humains et des Nethers.<\/p>\n\n\n\n<p><\/p>\n\n\n\n<div class=\"wp-block-buttons is-layout-flex wp-block-buttons-is-layout-flex\">\n<div class=\"wp-block-button\"><a class=\"wp-block-button__link wp-element-button\" href=\"https:\/\/playmind.com\/fr\/ipgames\/netherverse\/\" target=\"_blank\" rel=\"noreferrer noopener\">En savoir plus<\/a><\/div>\n<\/div>\n<\/div><\/div>\n<\/div><figure class=\"wp-block-media-text__media\"><img loading=\"lazy\" decoding=\"async\" width=\"1920\" height=\"1080\" src=\"https:\/\/playmind.com\/wp-content\/uploads\/2023\/02\/2019-6-25-1920x1080.jpg\" alt=\"\" class=\"wp-image-4744 size-full\" srcset=\"https:\/\/playmind.com\/wp-content\/uploads\/2023\/02\/2019-6-25-1920x1080.jpg 1920w, https:\/\/playmind.com\/wp-content\/uploads\/2023\/02\/2019-6-25-600x337.jpg 600w, https:\/\/playmind.com\/wp-content\/uploads\/2023\/02\/2019-6-25-768x432.jpg 768w, https:\/\/playmind.com\/wp-content\/uploads\/2023\/02\/2019-6-25-1536x864.jpg 1536w, https:\/\/playmind.com\/wp-content\/uploads\/2023\/02\/2019-6-25-2048x1152.jpg 2048w, https:\/\/playmind.com\/wp-content\/uploads\/2023\/02\/2019-6-25-400x225.jpg 400w, https:\/\/playmind.com\/wp-content\/uploads\/2023\/02\/2019-6-25-1400x787.jpg 1400w, https:\/\/playmind.com\/wp-content\/uploads\/2023\/02\/2019-6-25-1568x882.jpg 1568w\" sizes=\"auto, (max-width: 1920px) 100vw, 1920px\" \/><\/figure><\/div>\n\n\n\n<div class=\"wp-block-media-text alignwide is-stacked-on-mobile is-vertically-aligned-center\"><figure class=\"wp-block-media-text__media\"><img loading=\"lazy\" decoding=\"async\" width=\"1024\" height=\"500\" src=\"https:\/\/playmind.com\/wp-content\/uploads\/2024\/09\/META-_googlestore_phone_05.png\" alt=\"\" class=\"wp-image-8623 size-full\" srcset=\"https:\/\/playmind.com\/wp-content\/uploads\/2024\/09\/META-_googlestore_phone_05.png 1024w, https:\/\/playmind.com\/wp-content\/uploads\/2024\/09\/META-_googlestore_phone_05-600x293.png 600w, https:\/\/playmind.com\/wp-content\/uploads\/2024\/09\/META-_googlestore_phone_05-768x375.png 768w, https:\/\/playmind.com\/wp-content\/uploads\/2024\/09\/META-_googlestore_phone_05-400x195.png 400w\" sizes=\"auto, (max-width: 1024px) 100vw, 1024px\" \/><\/figure><div class=\"wp-block-media-text__content\">\n<div class=\"wp-block-group\" style=\"padding-top:2em;padding-right:2em;padding-bottom:2em;padding-left:2em\"><div class=\"wp-block-group__inner-container is-layout-flow wp-block-group-is-layout-flow\">\n<p style=\"font-size:36px;line-height:1.2\"><strong>UFIGHT<\/strong><\/p>\n\n\n\n<p class=\"has-extra-small-font-size\">Devenez votre propre combattant dans ce jeu mobile de combat en 3D. Scannez-vous et combattez en tant que votre propre personnage dans le jeu !<\/p>\n\n\n\n<p><\/p>\n\n\n\n<div class=\"wp-block-buttons is-layout-flex wp-block-buttons-is-layout-flex\">\n<div class=\"wp-block-button\"><a class=\"wp-block-button__link wp-element-button\" href=\"https:\/\/playmind.com\/fr\/ipgames\/ufight\/\" target=\"_blank\" rel=\"noreferrer noopener\">En savoir plus<\/a><\/div>\n<\/div>\n<\/div><\/div>\n<\/div><\/div>\n\n\n\n<div style=\"height:475px\" aria-hidden=\"true\" class=\"wp-block-spacer\"><\/div>\n","protected":false},"excerpt":{"rendered":"<p>&nbsp;<\/p>\n","protected":false},"author":7,"featured_media":0,"parent":0,"menu_order":0,"comment_status":"closed","ping_status":"closed","template":"","meta":{"_acf_changed":false,"inline_featured_image":false,"footnotes":""},"class_list":["post-4780","page","type-page","status-publish","hentry","entry"],"acf":[],"yoast_head":"<!-- This site is optimized with the Yoast SEO plugin v25.0 - https:\/\/yoast.com\/wordpress\/plugins\/seo\/ -->\n<title>NOS JEUX - PLAYMIND<\/title>\n<meta name=\"description\" content=\"At PLAYMIND, we design games to provide unique experiences to players around the world, such as The Inner Friend and Netherverse.\" \/>\n<meta name=\"robots\" content=\"index, follow, max-snippet:-1, max-image-preview:large, max-video-preview:-1\" \/>\n<link rel=\"canonical\" href=\"https:\/\/playmind.com\/fr\/games\/\" \/>\n<meta property=\"og:locale\" content=\"fr_FR\" \/>\n<meta property=\"og:type\" content=\"article\" \/>\n<meta property=\"og:title\" content=\"NOS JEUX - PLAYMIND\" \/>\n<meta property=\"og:description\" content=\"At PLAYMIND, we design games to provide unique experiences to players around the world, such as The Inner Friend and Netherverse.\" \/>\n<meta property=\"og:url\" content=\"https:\/\/playmind.com\/fr\/games\/\" \/>\n<meta property=\"og:site_name\" content=\"PLAYMIND\" \/>\n<meta property=\"article:modified_time\" content=\"2024-09-12T20:46:23+00:00\" \/>\n<meta property=\"og:image\" content=\"https:\/\/playmind.com\/wp-content\/uploads\/2023\/02\/Key-Img.png\" \/>\n<meta name=\"twitter:card\" content=\"summary_large_image\" \/>\n<meta name=\"twitter:label1\" content=\"Dur\u00e9e de lecture estim\u00e9e\" \/>\n\t<meta name=\"twitter:data1\" content=\"2 minutes\" \/>\n<script type=\"application\/ld+json\" class=\"yoast-schema-graph\">{\"@context\":\"https:\/\/schema.org\",\"@graph\":[{\"@type\":\"WebPage\",\"@id\":\"https:\/\/playmind.com\/fr\/games\/\",\"url\":\"https:\/\/playmind.com\/fr\/games\/\",\"name\":\"NOS JEUX - PLAYMIND\",\"isPartOf\":{\"@id\":\"https:\/\/playmind.com\/fr\/#website\"},\"primaryImageOfPage\":{\"@id\":\"https:\/\/playmind.com\/fr\/games\/#primaryimage\"},\"image\":{\"@id\":\"https:\/\/playmind.com\/fr\/games\/#primaryimage\"},\"thumbnailUrl\":\"https:\/\/playmind.com\/wp-content\/uploads\/2023\/02\/Key-Img.png\",\"datePublished\":\"2023-02-20T21:07:40+00:00\",\"dateModified\":\"2024-09-12T20:46:23+00:00\",\"description\":\"At PLAYMIND, we design games to provide unique experiences to players around the world, such as The Inner Friend and Netherverse.\",\"breadcrumb\":{\"@id\":\"https:\/\/playmind.com\/fr\/games\/#breadcrumb\"},\"inLanguage\":\"fr-FR\",\"potentialAction\":[{\"@type\":\"ReadAction\",\"target\":[\"https:\/\/playmind.com\/fr\/games\/\"]}]},{\"@type\":\"ImageObject\",\"inLanguage\":\"fr-FR\",\"@id\":\"https:\/\/playmind.com\/fr\/games\/#primaryimage\",\"url\":\"https:\/\/playmind.com\/wp-content\/uploads\/2023\/02\/Key-Img.png\",\"contentUrl\":\"https:\/\/playmind.com\/wp-content\/uploads\/2023\/02\/Key-Img.png\"},{\"@type\":\"BreadcrumbList\",\"@id\":\"https:\/\/playmind.com\/fr\/games\/#breadcrumb\",\"itemListElement\":[{\"@type\":\"ListItem\",\"position\":1,\"name\":\"Home\",\"item\":\"https:\/\/playmind.com\/fr\/home\/\"},{\"@type\":\"ListItem\",\"position\":2,\"name\":\"NOS JEUX\"}]},{\"@type\":\"WebSite\",\"@id\":\"https:\/\/playmind.com\/fr\/#website\",\"url\":\"https:\/\/playmind.com\/fr\/\",\"name\":\"PLAYMIND\",\"description\":\"Creative studio specialized in games and digital experiences\",\"potentialAction\":[{\"@type\":\"SearchAction\",\"target\":{\"@type\":\"EntryPoint\",\"urlTemplate\":\"https:\/\/playmind.com\/fr\/?s={search_term_string}\"},\"query-input\":{\"@type\":\"PropertyValueSpecification\",\"valueRequired\":true,\"valueName\":\"search_term_string\"}}],\"inLanguage\":\"fr-FR\"}]}<\/script>\n<!-- \/ Yoast SEO plugin. -->","yoast_head_json":{"title":"NOS JEUX - PLAYMIND","description":"At PLAYMIND, we design games to provide unique experiences to players around the world, such as The Inner Friend and Netherverse.","robots":{"index":"index","follow":"follow","max-snippet":"max-snippet:-1","max-image-preview":"max-image-preview:large","max-video-preview":"max-video-preview:-1"},"canonical":"https:\/\/playmind.com\/fr\/games\/","og_locale":"fr_FR","og_type":"article","og_title":"NOS JEUX - PLAYMIND","og_description":"At PLAYMIND, we design games to provide unique experiences to players around the world, such as The Inner Friend and Netherverse.","og_url":"https:\/\/playmind.com\/fr\/games\/","og_site_name":"PLAYMIND","article_modified_time":"2024-09-12T20:46:23+00:00","og_image":[{"url":"https:\/\/playmind.com\/wp-content\/uploads\/2023\/02\/Key-Img.png","type":"","width":"","height":""}],"twitter_card":"summary_large_image","twitter_misc":{"Dur\u00e9e de lecture estim\u00e9e":"2 minutes"},"schema":{"@context":"https:\/\/schema.org","@graph":[{"@type":"WebPage","@id":"https:\/\/playmind.com\/fr\/games\/","url":"https:\/\/playmind.com\/fr\/games\/","name":"NOS JEUX - PLAYMIND","isPartOf":{"@id":"https:\/\/playmind.com\/fr\/#website"},"primaryImageOfPage":{"@id":"https:\/\/playmind.com\/fr\/games\/#primaryimage"},"image":{"@id":"https:\/\/playmind.com\/fr\/games\/#primaryimage"},"thumbnailUrl":"https:\/\/playmind.com\/wp-content\/uploads\/2023\/02\/Key-Img.png","datePublished":"2023-02-20T21:07:40+00:00","dateModified":"2024-09-12T20:46:23+00:00","description":"At PLAYMIND, we design games to provide unique experiences to players around the world, such as The Inner Friend and Netherverse.","breadcrumb":{"@id":"https:\/\/playmind.com\/fr\/games\/#breadcrumb"},"inLanguage":"fr-FR","potentialAction":[{"@type":"ReadAction","target":["https:\/\/playmind.com\/fr\/games\/"]}]},{"@type":"ImageObject","inLanguage":"fr-FR","@id":"https:\/\/playmind.com\/fr\/games\/#primaryimage","url":"https:\/\/playmind.com\/wp-content\/uploads\/2023\/02\/Key-Img.png","contentUrl":"https:\/\/playmind.com\/wp-content\/uploads\/2023\/02\/Key-Img.png"},{"@type":"BreadcrumbList","@id":"https:\/\/playmind.com\/fr\/games\/#breadcrumb","itemListElement":[{"@type":"ListItem","position":1,"name":"Home","item":"https:\/\/playmind.com\/fr\/home\/"},{"@type":"ListItem","position":2,"name":"NOS JEUX"}]},{"@type":"WebSite","@id":"https:\/\/playmind.com\/fr\/#website","url":"https:\/\/playmind.com\/fr\/","name":"PLAYMIND","description":"Creative studio specialized in games and digital experiences","potentialAction":[{"@type":"SearchAction","target":{"@type":"EntryPoint","urlTemplate":"https:\/\/playmind.com\/fr\/?s={search_term_string}"},"query-input":{"@type":"PropertyValueSpecification","valueRequired":true,"valueName":"search_term_string"}}],"inLanguage":"fr-FR"}]}},"_links":{"self":[{"href":"https:\/\/playmind.com\/fr\/wp-json\/wp\/v2\/pages\/4780","targetHints":{"allow":["GET"]}}],"collection":[{"href":"https:\/\/playmind.com\/fr\/wp-json\/wp\/v2\/pages"}],"about":[{"href":"https:\/\/playmind.com\/fr\/wp-json\/wp\/v2\/types\/page"}],"author":[{"embeddable":true,"href":"https:\/\/playmind.com\/fr\/wp-json\/wp\/v2\/users\/7"}],"replies":[{"embeddable":true,"href":"https:\/\/playmind.com\/fr\/wp-json\/wp\/v2\/comments?post=4780"}],"version-history":[{"count":16,"href":"https:\/\/playmind.com\/fr\/wp-json\/wp\/v2\/pages\/4780\/revisions"}],"predecessor-version":[{"id":8625,"href":"https:\/\/playmind.com\/fr\/wp-json\/wp\/v2\/pages\/4780\/revisions\/8625"}],"wp:attachment":[{"href":"https:\/\/playmind.com\/fr\/wp-json\/wp\/v2\/media?parent=4780"}],"curies":[{"name":"wp","href":"https:\/\/api.w.org\/{rel}","templated":true}]}}