{"id":991,"date":"2021-08-25T15:29:22","date_gmt":"2021-08-25T19:29:22","guid":{"rendered":"https:\/\/staging.playmind.com\/about-us\/"},"modified":"2022-12-20T10:53:18","modified_gmt":"2022-12-20T15:53:18","slug":"about-us","status":"publish","type":"page","link":"https:\/\/playmind.com\/fr\/about-us\/","title":{"rendered":"\u00c0 Propos"},"content":{"rendered":"","protected":false},"excerpt":{"rendered":"","protected":false},"author":1,"featured_media":0,"parent":0,"menu_order":0,"comment_status":"closed","ping_status":"closed","template":"template-about.php","meta":{"_acf_changed":false,"inline_featured_image":false,"footnotes":""},"class_list":["post-991","page","type-page","status-publish","hentry","entry"],"acf":[],"yoast_head":"<!-- This site is optimized with the Yoast SEO plugin v25.0 - https:\/\/yoast.com\/wordpress\/plugins\/seo\/ -->\n<title>Apprenez-en plus sur Playmind - \u00c0 propos<\/title>\n<meta name=\"description\" content=\"Apprenez-en plus sur le studio Playmind, bas\u00e9 \u00e0 Montr\u00e9al. Obtenez plus d&#039;informations sur notre \u00e9quipe, l&#039;histoire du studio, nos objectifs et bien plus\" \/>\n<meta name=\"robots\" content=\"index, follow, max-snippet:-1, max-image-preview:large, max-video-preview:-1\" \/>\n<link rel=\"canonical\" href=\"https:\/\/playmind.com\/fr\/about-us\/\" \/>\n<meta property=\"og:locale\" content=\"fr_FR\" \/>\n<meta property=\"og:type\" content=\"article\" \/>\n<meta property=\"og:title\" content=\"Apprenez-en plus sur Playmind - \u00c0 propos\" \/>\n<meta property=\"og:description\" content=\"Apprenez-en plus sur le studio Playmind, bas\u00e9 \u00e0 Montr\u00e9al. Obtenez plus d&#039;informations sur notre \u00e9quipe, l&#039;histoire du studio, nos objectifs et bien plus\" \/>\n<meta property=\"og:url\" content=\"https:\/\/playmind.com\/fr\/about-us\/\" \/>\n<meta property=\"og:site_name\" content=\"PLAYMIND\" \/>\n<meta property=\"article:modified_time\" content=\"2022-12-20T15:53:18+00:00\" \/>\n<meta name=\"twitter:card\" content=\"summary_large_image\" \/>\n<script type=\"application\/ld+json\" class=\"yoast-schema-graph\">{\"@context\":\"https:\/\/schema.org\",\"@graph\":[{\"@type\":\"WebPage\",\"@id\":\"https:\/\/playmind.com\/fr\/about-us\/\",\"url\":\"https:\/\/playmind.com\/fr\/about-us\/\",\"name\":\"Apprenez-en plus sur Playmind - \u00c0 propos\",\"isPartOf\":{\"@id\":\"https:\/\/playmind.com\/fr\/#website\"},\"datePublished\":\"2021-08-25T19:29:22+00:00\",\"dateModified\":\"2022-12-20T15:53:18+00:00\",\"description\":\"Apprenez-en plus sur le studio Playmind, bas\u00e9 \u00e0 Montr\u00e9al. Obtenez plus d'informations sur notre \u00e9quipe, l'histoire du studio, nos objectifs et bien plus\",\"breadcrumb\":{\"@id\":\"https:\/\/playmind.com\/fr\/about-us\/#breadcrumb\"},\"inLanguage\":\"fr-FR\",\"potentialAction\":[{\"@type\":\"ReadAction\",\"target\":[\"https:\/\/playmind.com\/fr\/about-us\/\"]}]},{\"@type\":\"BreadcrumbList\",\"@id\":\"https:\/\/playmind.com\/fr\/about-us\/#breadcrumb\",\"itemListElement\":[{\"@type\":\"ListItem\",\"position\":1,\"name\":\"Home\",\"item\":\"https:\/\/playmind.com\/fr\/home\/\"},{\"@type\":\"ListItem\",\"position\":2,\"name\":\"\u00c0 Propos\"}]},{\"@type\":\"WebSite\",\"@id\":\"https:\/\/playmind.com\/fr\/#website\",\"url\":\"https:\/\/playmind.com\/fr\/\",\"name\":\"PLAYMIND\",\"description\":\"Creative studio specialized in games and digital experiences\",\"potentialAction\":[{\"@type\":\"SearchAction\",\"target\":{\"@type\":\"EntryPoint\",\"urlTemplate\":\"https:\/\/playmind.com\/fr\/?s={search_term_string}\"},\"query-input\":{\"@type\":\"PropertyValueSpecification\",\"valueRequired\":true,\"valueName\":\"search_term_string\"}}],\"inLanguage\":\"fr-FR\"}]}<\/script>\n<!-- \/ Yoast SEO plugin. -->","yoast_head_json":{"title":"Apprenez-en plus sur Playmind - \u00c0 propos","description":"Apprenez-en plus sur le studio Playmind, bas\u00e9 \u00e0 Montr\u00e9al. Obtenez plus d'informations sur notre \u00e9quipe, l'histoire du studio, nos objectifs et bien plus","robots":{"index":"index","follow":"follow","max-snippet":"max-snippet:-1","max-image-preview":"max-image-preview:large","max-video-preview":"max-video-preview:-1"},"canonical":"https:\/\/playmind.com\/fr\/about-us\/","og_locale":"fr_FR","og_type":"article","og_title":"Apprenez-en plus sur Playmind - \u00c0 propos","og_description":"Apprenez-en plus sur le studio Playmind, bas\u00e9 \u00e0 Montr\u00e9al. Obtenez plus d'informations sur notre \u00e9quipe, l'histoire du studio, nos objectifs et bien plus","og_url":"https:\/\/playmind.com\/fr\/about-us\/","og_site_name":"PLAYMIND","article_modified_time":"2022-12-20T15:53:18+00:00","twitter_card":"summary_large_image","schema":{"@context":"https:\/\/schema.org","@graph":[{"@type":"WebPage","@id":"https:\/\/playmind.com\/fr\/about-us\/","url":"https:\/\/playmind.com\/fr\/about-us\/","name":"Apprenez-en plus sur Playmind - \u00c0 propos","isPartOf":{"@id":"https:\/\/playmind.com\/fr\/#website"},"datePublished":"2021-08-25T19:29:22+00:00","dateModified":"2022-12-20T15:53:18+00:00","description":"Apprenez-en plus sur le studio Playmind, bas\u00e9 \u00e0 Montr\u00e9al. Obtenez plus d'informations sur notre \u00e9quipe, l'histoire du studio, nos objectifs et bien plus","breadcrumb":{"@id":"https:\/\/playmind.com\/fr\/about-us\/#breadcrumb"},"inLanguage":"fr-FR","potentialAction":[{"@type":"ReadAction","target":["https:\/\/playmind.com\/fr\/about-us\/"]}]},{"@type":"BreadcrumbList","@id":"https:\/\/playmind.com\/fr\/about-us\/#breadcrumb","itemListElement":[{"@type":"ListItem","position":1,"name":"Home","item":"https:\/\/playmind.com\/fr\/home\/"},{"@type":"ListItem","position":2,"name":"\u00c0 Propos"}]},{"@type":"WebSite","@id":"https:\/\/playmind.com\/fr\/#website","url":"https:\/\/playmind.com\/fr\/","name":"PLAYMIND","description":"Creative studio specialized in games and digital experiences","potentialAction":[{"@type":"SearchAction","target":{"@type":"EntryPoint","urlTemplate":"https:\/\/playmind.com\/fr\/?s={search_term_string}"},"query-input":{"@type":"PropertyValueSpecification","valueRequired":true,"valueName":"search_term_string"}}],"inLanguage":"fr-FR"}]}},"_links":{"self":[{"href":"https:\/\/playmind.com\/fr\/wp-json\/wp\/v2\/pages\/991","targetHints":{"allow":["GET"]}}],"collection":[{"href":"https:\/\/playmind.com\/fr\/wp-json\/wp\/v2\/pages"}],"about":[{"href":"https:\/\/playmind.com\/fr\/wp-json\/wp\/v2\/types\/page"}],"author":[{"embeddable":true,"href":"https:\/\/playmind.com\/fr\/wp-json\/wp\/v2\/users\/1"}],"replies":[{"embeddable":true,"href":"https:\/\/playmind.com\/fr\/wp-json\/wp\/v2\/comments?post=991"}],"version-history":[{"count":8,"href":"https:\/\/playmind.com\/fr\/wp-json\/wp\/v2\/pages\/991\/revisions"}],"predecessor-version":[{"id":3875,"href":"https:\/\/playmind.com\/fr\/wp-json\/wp\/v2\/pages\/991\/revisions\/3875"}],"wp:attachment":[{"href":"https:\/\/playmind.com\/fr\/wp-json\/wp\/v2\/media?parent=991"}],"curies":[{"name":"wp","href":"https:\/\/api.w.org\/{rel}","templated":true}]}}